{"id":16,"date":"2019-04-18T11:08:43","date_gmt":"2019-04-18T11:08:43","guid":{"rendered":"https:\/\/envothemes.com\/envo-ecommerce\/product\/import-placeholder-for-46\/"},"modified":"2026-03-07T22:57:33","modified_gmt":"2026-03-08T01:57:33","slug":"sport-shoes","status":"publish","type":"product","link":"https:\/\/jumpotone.com.br\/?product=sport-shoes","title":{"rendered":"JUMP PROFISSIONAL COM REFOR\u00c7O &#8211; 36 MOLAS &#8211; 6 p\u00e9s"},"content":{"rendered":"<p><strong>Pintura Eletrost\u00e1tica<\/strong><\/p>\n<p>06 P\u00e9s fixos soldados, com aro de sustenta\u00e7\u00e3o<\/p>\n<p>36 molas, galvanizadas \u2013 A\u00e7o carbono<\/p>\n<p>18 Bigodinhos (W), galvanizados \u2013 A\u00e7o carbono<\/p>\n<p>Lona Sannet emborrachada 2000 fios, costura refor\u00e7ada<\/p>\n<p>Ponteiras de borracha \u2013 Antiderrapante<\/p>\n<p>Largura \u2013 980 mm de di\u00e2metro<\/p>\n<p>Altura \u2013 200 mm<\/p>\n<p>Comprimento \u2013 980 mm de di\u00e2metro<\/p>\n<p>Suporta ate 180 kg<\/p>\n<p>Peso Bruto \u2013 7 Kg<\/p>\n<p>* Confirmar cores dispon\u00edveis<\/p>\n","protected":false},"excerpt":{"rendered":"[contact-form][contact-field label=\"Nome\" type=\"name\"  required=\"true\" \/][contact-field label=\"E-mail\" type=\"email\" required=\"true\" \/][contact-field label=\"Site\" type=\"url\" \/][contact-field label=\"Mensagem\" type=\"textarea\" \/][\/contact-form]\n<p>Jump profissional com aro duplo, ideal para aulas intensas.<\/p>\n<p>Costura resistente<\/p>\n<p>Ponteiras de borracha grande, antiderrapante, para melhor ader\u00eancia no ch\u00e3o.<\/p>\n<p>&nbsp;<\/p>\n","protected":false},"featured_media":822,"comment_status":"open","ping_status":"closed","template":"","meta":[],"product_brand":[36],"product_cat":[30],"product_tag":[],"class_list":{"0":"post-16","1":"product","2":"type-product","3":"status-publish","4":"has-post-thumbnail","6":"product_brand-jump-otone","7":"product_cat-jump","9":"first","10":"outofstock","11":"shipping-taxable","12":"purchasable","13":"product-type-simple"},"jetpack_sharing_enabled":true,"_links":{"self":[{"href":"https:\/\/jumpotone.com.br\/index.php?rest_route=\/wp\/v2\/product\/16","targetHints":{"allow":["GET"]}}],"collection":[{"href":"https:\/\/jumpotone.com.br\/index.php?rest_route=\/wp\/v2\/product"}],"about":[{"href":"https:\/\/jumpotone.com.br\/index.php?rest_route=\/wp\/v2\/types\/product"}],"replies":[{"embeddable":true,"href":"https:\/\/jumpotone.com.br\/index.php?rest_route=%2Fwp%2Fv2%2Fcomments&post=16"}],"wp:featuredmedia":[{"embeddable":true,"href":"https:\/\/jumpotone.com.br\/index.php?rest_route=\/wp\/v2\/media\/822"}],"wp:attachment":[{"href":"https:\/\/jumpotone.com.br\/index.php?rest_route=%2Fwp%2Fv2%2Fmedia&parent=16"}],"wp:term":[{"taxonomy":"product_brand","embeddable":true,"href":"https:\/\/jumpotone.com.br\/index.php?rest_route=%2Fwp%2Fv2%2Fproduct_brand&post=16"},{"taxonomy":"product_cat","embeddable":true,"href":"https:\/\/jumpotone.com.br\/index.php?rest_route=%2Fwp%2Fv2%2Fproduct_cat&post=16"},{"taxonomy":"product_tag","embeddable":true,"href":"https:\/\/jumpotone.com.br\/index.php?rest_route=%2Fwp%2Fv2%2Fproduct_tag&post=16"}],"curies":[{"name":"wp","href":"https:\/\/api.w.org\/{rel}","templated":true}]}}